{"id":310,"date":"2024-12-17T22:54:54","date_gmt":"2024-12-17T20:54:54","guid":{"rendered":"https:\/\/tagavara.questoriumspace.com\/questorium-space\/"},"modified":"2024-12-18T23:17:08","modified_gmt":"2024-12-18T21:17:08","slug":"questorium-space","status":"publish","type":"page","link":"https:\/\/tagavara.questoriumspace.com\/et\/","title":{"rendered":"Questorium Space"},"content":{"rendered":"<h4 class=\"wp-block-heading\">Questorium Space \u2014 Valmis kodused vihjem\u00e4ngud, mis l\u00f5bustavad, \u00f5petavad ja teevad iga p\u00e4eva unustamatuks.<br\/><a href=\"https:\/\/tagavara.questoriumspace.com\/et\/vihjemangudest\/\" data-type=\"page\" data-id=\"21\"><strong>Meie vihjem\u00e4ngud<\/strong><\/a> on ideaalne viis kingituse tegemiseks, laste eemalhoidmiseks vidinatest p\u00fchade ajal ja isegi v\u00f5\u00f5rkeele \u00f5ppimiseks. <\/h4><p>See on p\u00f5nev ja hariv m\u00e4ng, kus iga t\u00e4idetud \u00fclesanne paljastab uue vihje, mis viib l\u00f5ppsihtkohani \u2013 kohta, kuhu on peidetud \u00fcllatus. Selleks v\u00f5ivad olla v\u00f5itja medalid (komplektis kaasas) v\u00f5i eelnevalt ettevalmistatud kingitused. <\/p><ul class=\"wp-block-list\"><li>Lapsed ei otsi ainult vihjeid; nad lahendavad m\u00f5istatusi, t\u00e4idavad \u00fclesandeid, osalevad aktiivsetes m\u00e4ngudes ja avastavad teekonnal p\u00f5nevaid fakte.<\/li>\n\n<li>K\u00fcmme \u00fclesannet on seotud haarava s\u00fc\u017eeega, hoides p\u00f5nevust \u00f5hus kuni l\u00f5puni. <\/li><\/ul><p><strong>Planeerimine pole vajalik \u2013 k\u00f5ik on teie jaoks valmis!<\/strong><br\/>Ettevalmistus v\u00f5tab vaid 10 minutit.<br\/>Teil on vaja: prinditud vihjem\u00e4ngu, k\u00e4\u00e4re ja liimi.<br\/>Kui olete vihjed etten\u00e4htud kohtadesse peitnud (vastavalt juhendile), kutsuge lapsed ja andke neile esimese \u00fclesandega \u00fcmbrik. Sealt algab nende seiklus, kus nad lahendavad m\u00f5istatusi ja leiavad vihjeid, liikudes l\u00e4hemale suurele finaalile.<br\/>Vihjem\u00e4ngu eeldatav kestus: 30-45 minutit.<\/p><div class=\"wp-block-buttons is-layout-flex wp-block-buttons-is-layout-flex\"><div class=\"wp-block-button\"><a class=\"wp-block-button__link wp-element-button\" href=\"https:\/\/tagavara.questoriumspace.com\/et\/osta-mang\/\">Osta m\u00e4ng<\/a><\/div><\/div><p><\/p>","protected":false},"excerpt":{"rendered":"<p>Questorium Space \u2014 Valmis kodused vihjem\u00e4ngud, mis l\u00f5bustavad, \u00f5petavad ja teevad iga p\u00e4eva unustamatuks.Meie vihjem\u00e4ngud on ideaalne viis kingituse tegemiseks, laste eemalhoidmiseks vidinatest p\u00fchade ajal ja isegi v\u00f5\u00f5rkeele \u00f5ppimiseks. See on p\u00f5nev ja hariv m\u00e4ng, kus iga t\u00e4idetud \u00fclesanne paljastab uue vihje, mis viib l\u00f5ppsihtkohani \u2013 kohta, kuhu on peidetud \u00fcllatus. Selleks v\u00f5ivad olla v\u00f5itja [&hellip;]<\/p>\n","protected":false},"author":1,"featured_media":0,"parent":0,"menu_order":0,"comment_status":"closed","ping_status":"closed","template":"","meta":{"footnotes":""},"class_list":["post-310","page","type-page","status-publish","hentry"],"jetpack_sharing_enabled":true,"_links":{"self":[{"href":"https:\/\/tagavara.questoriumspace.com\/et\/wp-json\/wp\/v2\/pages\/310","targetHints":{"allow":["GET"]}}],"collection":[{"href":"https:\/\/tagavara.questoriumspace.com\/et\/wp-json\/wp\/v2\/pages"}],"about":[{"href":"https:\/\/tagavara.questoriumspace.com\/et\/wp-json\/wp\/v2\/types\/page"}],"author":[{"embeddable":true,"href":"https:\/\/tagavara.questoriumspace.com\/et\/wp-json\/wp\/v2\/users\/1"}],"replies":[{"embeddable":true,"href":"https:\/\/tagavara.questoriumspace.com\/et\/wp-json\/wp\/v2\/comments?post=310"}],"version-history":[{"count":5,"href":"https:\/\/tagavara.questoriumspace.com\/et\/wp-json\/wp\/v2\/pages\/310\/revisions"}],"predecessor-version":[{"id":451,"href":"https:\/\/tagavara.questoriumspace.com\/et\/wp-json\/wp\/v2\/pages\/310\/revisions\/451"}],"wp:attachment":[{"href":"https:\/\/tagavara.questoriumspace.com\/et\/wp-json\/wp\/v2\/media?parent=310"}],"curies":[{"name":"wp","href":"https:\/\/api.w.org\/{rel}","templated":true}]}}